{"id":57,"date":"2017-04-12T23:27:13","date_gmt":"2017-04-12T21:27:13","guid":{"rendered":"http:\/\/www.studio-tomahawk.com\/?page_id=57"},"modified":"2024-05-24T17:09:29","modified_gmt":"2024-05-24T15:09:29","slug":"forum","status":"publish","type":"page","link":"https:\/\/www.studio-tomahawk.com\/en\/forum\/","title":{"rendered":"Forum"},"content":{"rendered":"\n[et_pb_section fb_built=\u00a0\u00bb1&Prime; admin_label=\u00a0\u00bbSection forums\u00a0\u00bb _builder_version=\u00a0\u00bb4.11.3&Prime; _module_preset=\u00a0\u00bbdefault\u00a0\u00bb background_color=\u00a0\u00bb#60513D\u00a0\u00bb background_image=\u00a0\u00bbhttps:\/\/www.studio-tomahawk.com\/wp-content\/uploads\/2021\/10\/maps-BG-2-2.jpg\u00a0\u00bb background_blend=\u00a0\u00bbmultiply\u00a0\u00bb custom_margin=\u00a0\u00bb||5em||false|false\u00a0\u00bb custom_css_before=\u00a0\u00bbcontent:%22%22;||position: absolute;||width: 100%;||height: 40%;||background: #fff;||bottom: 0;||left: 0;||right: 0;||z-index: 1;\u00a0\u00bb locked=\u00a0\u00bboff\u00a0\u00bb global_colors_info=\u00a0\u00bb{}\u00a0\u00bb][et_pb_row _builder_version=\u00a0\u00bb4.11.3&Prime; _module_preset=\u00a0\u00bbdefault\u00a0\u00bb custom_padding=\u00a0\u00bb||0px||false|false\u00a0\u00bb global_colors_info=\u00a0\u00bb{}\u00a0\u00bb][et_pb_column type=\u00a0\u00bb4_4&Prime; _builder_version=\u00a0\u00bb4.11.3&Prime; _module_preset=\u00a0\u00bbdefault\u00a0\u00bb global_colors_info=\u00a0\u00bb{}\u00a0\u00bb][et_pb_image src=\u00a0\u00bbhttps:\/\/www.studio-tomahawk.com\/wp-content\/uploads\/2021\/10\/teepees.svg\u00a0\u00bb alt=\u00a0\u00bbteepee\u00a0\u00bb title_text=\u00a0\u00bbteepees\u00a0\u00bb _builder_version=\u00a0\u00bb4.11.3&Prime; _module_preset=\u00a0\u00bbdefault\u00a0\u00bb max_width=\u00a0\u00bb11em\u00a0\u00bb max_width_tablet=\u00a0\u00bb9em\u00a0\u00bb max_width_phone=\u00a0\u00bb7em\u00a0\u00bb max_width_last_edited=\u00a0\u00bbon|tablet\u00a0\u00bb module_alignment=\u00a0\u00bbcenter\u00a0\u00bb hover_enabled=\u00a0\u00bb0&Prime; locked=\u00a0\u00bboff\u00a0\u00bb global_colors_info=\u00a0\u00bb{}\u00a0\u00bb sticky_enabled=\u00a0\u00bb0&Prime;][\/et_pb_image][et_pb_text _builder_version=\u00a0\u00bb4.11.3&Prime; _module_preset=\u00a0\u00bbdefault\u00a0\u00bb header_font=\u00a0\u00bb|800||on|||||\u00a0\u00bb header_text_align=\u00a0\u00bbcenter\u00a0\u00bb header_text_color=\u00a0\u00bb#D8943E\u00a0\u00bb header_font_size=\u00a0\u00bb4em\u00a0\u00bb header_letter_spacing=\u00a0\u00bb2px\u00a0\u00bb custom_margin=\u00a0\u00bb||0px||false|false\u00a0\u00bb custom_padding=\u00a0\u00bb0px||0px||false|false\u00a0\u00bb header_font_size_tablet=\u00a0\u00bb3em\u00a0\u00bb header_font_size_phone=\u00a0\u00bb2em\u00a0\u00bb header_font_size_last_edited=\u00a0\u00bbon|phone\u00a0\u00bb global_colors_info=\u00a0\u00bb{}\u00a0\u00bb]<h1>Forum<\/h1>[\/et_pb_text][et_pb_text _builder_version=\u00a0\u00bb4.11.3&Prime; _module_preset=\u00a0\u00bbdefault\u00a0\u00bb header_font=\u00a0\u00bb|800||on|||||\u00a0\u00bb header_text_align=\u00a0\u00bbcenter\u00a0\u00bb header_text_color=\u00a0\u00bb#343029&Prime; header_font_size=\u00a0\u00bb3em\u00a0\u00bb header_letter_spacing=\u00a0\u00bb2px\u00a0\u00bb header_2_font=\u00a0\u00bb||||||||\u00a0\u00bb header_2_text_align=\u00a0\u00bbcenter\u00a0\u00bb header_2_text_color=\u00a0\u00bb#FFFFFF\u00a0\u00bb header_2_font_size=\u00a0\u00bb24px\u00a0\u00bb width=\u00a0\u00bb80%\u00a0\u00bb width_tablet=\u00a0\u00bb100%\u00a0\u00bb width_phone=\u00a0\u00bb\u00a0\u00bb width_last_edited=\u00a0\u00bbon|tablet\u00a0\u00bb max_width=\u00a0\u00bb70%\u00a0\u00bb max_width_tablet=\u00a0\u00bb100%\u00a0\u00bb max_width_phone=\u00a0\u00bb\u00a0\u00bb max_width_last_edited=\u00a0\u00bbon|tablet\u00a0\u00bb module_alignment=\u00a0\u00bbcenter\u00a0\u00bb custom_margin=\u00a0\u00bb||0.5em||false|false\u00a0\u00bb custom_padding=\u00a0\u00bb0px||0px||false|false\u00a0\u00bb header_2_font_size_tablet=\u00a0\u00bb\u00a0\u00bb header_2_font_size_phone=\u00a0\u00bb16px\u00a0\u00bb header_2_font_size_last_edited=\u00a0\u00bbon|phone\u00a0\u00bb global_colors_info=\u00a0\u00bb{}\u00a0\u00bb]<h2>Vous pouvez acc\u00e9der \u00e0 notre forum fran\u00e7ais officiel en cliquant sur l\u2019image ci-dessous.<\/h2>[\/et_pb_text][et_pb_divider color=\u00a0\u00bb#8C7A63&Prime; divider_weight=\u00a0\u00bb2px\u00a0\u00bb _builder_version=\u00a0\u00bb4.11.3&Prime; _module_preset=\u00a0\u00bbdefault\u00a0\u00bb width=\u00a0\u00bb13em\u00a0\u00bb module_alignment=\u00a0\u00bbcenter\u00a0\u00bb max_height=\u00a0\u00bb4px\u00a0\u00bb custom_margin=\u00a0\u00bb0px||2em||false|false\u00a0\u00bb custom_padding=\u00a0\u00bb0px||0px||false|false\u00a0\u00bb locked=\u00a0\u00bboff\u00a0\u00bb global_colors_info=\u00a0\u00bb{}\u00a0\u00bb][\/et_pb_divider][\/et_pb_column][\/et_pb_row][et_pb_row _builder_version=\u00a0\u00bb4.11.3&Prime; _module_preset=\u00a0\u00bbdefault\u00a0\u00bb hover_enabled=\u00a0\u00bb0&Prime; global_colors_info=\u00a0\u00bb{}\u00a0\u00bb background_color=\u00a0\u00bbRGBA(0,0,0,0)\u00a0\u00bb animation_style=\u00a0\u00bbslide\u00a0\u00bb animation_direction=\u00a0\u00bbbottom\u00a0\u00bb animation_intensity_slide=\u00a0\u00bb3%\u00a0\u00bb animation_starting_opacity=\u00a0\u00bb33%\u00a0\u00bb z_index=\u00a0\u00bb10&Prime; sticky_enabled=\u00a0\u00bb0&Prime;][et_pb_column type=\u00a0\u00bb4_4&Prime; _builder_version=\u00a0\u00bb4.11.3&Prime; _module_preset=\u00a0\u00bbdefault\u00a0\u00bb global_colors_info=\u00a0\u00bb{}\u00a0\u00bb][et_pb_image src=\u00a0\u00bbhttps:\/\/www.studio-tomahawk.com\/wp-content\/uploads\/2021\/10\/screen-forum-fr.jpg\u00a0\u00bb alt=\u00a0\u00bbForum Tomahawk Fr\u00a0\u00bb title_text=\u00a0\u00bbscreen-forum-fr\u00a0\u00bb url=\u00a0\u00bbhttps:\/\/forum.studio-tomahawk.com\/\u00a0\u00bb url_new_window=\u00a0\u00bbon\u00a0\u00bb _builder_version=\u00a0\u00bb4.11.3&Prime; _module_preset=\u00a0\u00bbdefault\u00a0\u00bb border_radii=\u00a0\u00bbon|4px|4px|4px|4px\u00a0\u00bb box_shadow_style=\u00a0\u00bbpreset3&Prime; box_shadow_blur=\u00a0\u00bb30px\u00a0\u00bb box_shadow_spread=\u00a0\u00bb-11px\u00a0\u00bb box_shadow_color=\u00a0\u00bb#60513D\u00a0\u00bb global_colors_info=\u00a0\u00bb{}\u00a0\u00bb background__hover_enabled=\u00a0\u00bbon|hover\u00a0\u00bb background_color_gradient_end__hover=\u00a0\u00bb#29c4a9&Prime; use_background_color_gradient__hover=\u00a0\u00bbon\u00a0\u00bb background_color_gradient_overlays_image__hover=\u00a0\u00bboff\u00a0\u00bb][\/et_pb_image][et_pb_text _builder_version=\u00a0\u00bb4.11.3&Prime; _module_preset=\u00a0\u00bbdefault\u00a0\u00bb text_orientation=\u00a0\u00bbcenter\u00a0\u00bb global_colors_info=\u00a0\u00bb{}\u00a0\u00bb]<p>Le forum fran\u00e7ais est administr\u00e9 par l&rsquo;\u00e9quipe du Studio.<\/p>[\/et_pb_text][et_pb_button button_text=\u00a0\u00bble forum\u00a0\u00bb button_alignment=\u00a0\u00bbcenter\u00a0\u00bb _builder_version=\u00a0\u00bb4.11.3&Prime; _module_preset=\u00a0\u00bbdefault\u00a0\u00bb custom_button=\u00a0\u00bbon\u00a0\u00bb button_text_size=\u00a0\u00bb16px\u00a0\u00bb button_text_color=\u00a0\u00bb#FFFFFF\u00a0\u00bb button_bg_color=\u00a0\u00bb#60513D\u00a0\u00bb button_border_width=\u00a0\u00bb0px\u00a0\u00bb button_border_color=\u00a0\u00bbRGBA(0,0,0,0)\u00a0\u00bb button_letter_spacing=\u00a0\u00bb5px\u00a0\u00bb button_font=\u00a0\u00bbEczar|||on|||||\u00a0\u00bb button_icon=\u00a0\u00bb%%20%%\u00a0\u00bb button_icon_color=\u00a0\u00bb#D8943E\u00a0\u00bb button_on_hover=\u00a0\u00bboff\u00a0\u00bb custom_padding=\u00a0\u00bb0.5em|7em||7em|false|true\u00a0\u00bb custom_padding_tablet=\u00a0\u00bb\u00a0\u00bb custom_padding_phone=\u00a0\u00bb0.5em|1.75em||1em|false|false\u00a0\u00bb custom_padding_last_edited=\u00a0\u00bbon|phone\u00a0\u00bb hover_enabled=\u00a0\u00bb0&Prime; button_letter_spacing_tablet=\u00a0\u00bb\u00a0\u00bb button_letter_spacing_phone=\u00a0\u00bb2px\u00a0\u00bb button_letter_spacing_last_edited=\u00a0\u00bbon|phone\u00a0\u00bb global_colors_info=\u00a0\u00bb{}\u00a0\u00bb button_text_color__hover_enabled=\u00a0\u00bbon|hover\u00a0\u00bb button_bg_color__hover_enabled=\u00a0\u00bbon|desktop\u00a0\u00bb button_text_color__hover=\u00a0\u00bb#60513D\u00a0\u00bb button_bg_color__hover=\u00a0\u00bb#FFFFFF\u00a0\u00bb button_bg_enable_color__hover=\u00a0\u00bbon\u00a0\u00bb locked=\u00a0\u00bboff\u00a0\u00bb button_url=\u00a0\u00bbhttps:\/\/forum.studio-tomahawk.com\/\u00a0\u00bb sticky_enabled=\u00a0\u00bb0&Prime;][\/et_pb_button][\/et_pb_column][\/et_pb_row][\/et_pb_section]\n","protected":false},"excerpt":{"rendered":"<p>ForumVous pouvez acc\u00e9der \u00e0 notre forum fran\u00e7ais officiel en cliquant sur l\u2019image ci-dessous.Le forum fran\u00e7ais est administr\u00e9 par l&rsquo;\u00e9quipe du Studio.<\/p>","protected":false},"author":1,"featured_media":0,"parent":0,"menu_order":0,"comment_status":"closed","ping_status":"closed","template":"","meta":{"_et_pb_use_builder":"on","_et_pb_old_content":"[:fr]\n<p style=\"text-align: center;\">Vous pouvez acc\u00e9der \u00e0 notre forum fran\u00e7ais en cliquant sur l'image ci-dessous.<\/p>\n&nbsp;\n<a href=\"https:\/\/forum.studio-tomahawk.com\/\" target=\"_blank\"><\/a>\n\n<a href=\"https:\/\/forum.studio-tomahawk.com\/\" target=\"_blank\">\n<p style=\"text-align: center;\"><img class=\"alignnone\" src=\"https:\/\/www.studio-tomahawk.com\/wp-content\/uploads\/2017\/04\/image-forum-FR-1024x776.jpg\" alt=\"Forum Studio Tomahawk Francais\" width=\"500\" height=\"379\"><\/p>\n\n<\/a><a href=\"https:\/\/forum.studio-tomahawk.com\/\" target=\"_blank\"><\/a>\n&nbsp;\n<p style=\"text-align: center;\">Le forum fran\u00e7ais est administr\u00e9 par l'\u00e9quipe du Studio.<\/p>\n[:en]\n<p style=\"text-align: center;\">You can access our English forum by clicking on the image below.<\/p>\n&nbsp;\n<a href=\"https:\/\/www.tapatalk.com\/groups\/studiotomahawk\/index.php\" target=\"_blank\"><\/a>\n\n<a href=\"https:\/\/www.tapatalk.com\/groups\/studiotomahawk\/index.php\" target=\"_blank\">\n<p style=\"text-align: center;\"><img src=\"https:\/\/www.studio-tomahawk.com\/wp-content\/uploads\/2017\/04\/image-forum-EN.jpg\" alt=\"Forum Studio Tomahawk English\" width=\"500\" height=\"380\"><\/p>\n\n<\/a><a href=\"https:\/\/www.tapatalk.com\/groups\/studiotomahawk\/index.php\" target=\"_blank\"><\/a>\n&nbsp;\n<p style=\"text-align: center;\">The English forum is not administered by the Studio team.<\/p>\n[:]","_et_gb_content_width":"1080","footnotes":""},"class_list":["post-57","page","type-page","status-publish","hentry"],"yoast_head":"<!-- This site is optimized with the Yoast SEO plugin v27.1.1 - https:\/\/yoast.com\/product\/yoast-seo-wordpress\/ -->\n<title>Forum - Studio Tomahawk<\/title>\n<meta name=\"description\" content=\"Partagez vos id\u00e9es, posez des questions et connectez-vous avec d&#039;autres passionn\u00e9s sur notre forum de Studio Tomahawk !\" \/>\n<meta name=\"robots\" content=\"index, follow, max-snippet:-1, max-image-preview:large, max-video-preview:-1\" \/>\n<link rel=\"canonical\" href=\"https:\/\/www.studio-tomahawk.com\/en\/forum\/\" \/>\n<meta property=\"og:locale\" content=\"en_GB\" \/>\n<meta property=\"og:type\" content=\"article\" \/>\n<meta property=\"og:title\" content=\"Forum - Studio Tomahawk\" \/>\n<meta property=\"og:description\" content=\"Partagez vos id\u00e9es, posez des questions et connectez-vous avec d&#039;autres passionn\u00e9s sur notre forum de Studio Tomahawk !\" \/>\n<meta property=\"og:url\" content=\"https:\/\/www.studio-tomahawk.com\/en\/forum\/\" \/>\n<meta property=\"og:site_name\" content=\"Studio Tomahawk\" \/>\n<meta property=\"article:publisher\" content=\"https:\/\/www.facebook.com\/studiotomahawk\" \/>\n<meta property=\"article:modified_time\" content=\"2024-05-24T15:09:29+00:00\" \/>\n<meta property=\"og:image\" content=\"https:\/\/www.studio-tomahawk.com\/wp-content\/uploads\/2021\/10\/logo-Tomahawk-1024x1024-1.jpg\" \/>\n\t<meta property=\"og:image:width\" content=\"1024\" \/>\n\t<meta property=\"og:image:height\" content=\"1024\" \/>\n\t<meta property=\"og:image:type\" content=\"image\/jpeg\" \/>\n<meta name=\"twitter:card\" content=\"summary_large_image\" \/>\n<meta name=\"twitter:label1\" content=\"Estimated reading time\" \/>\n\t<meta name=\"twitter:data1\" content=\"1 minute\" \/>\n<script type=\"application\/ld+json\" class=\"yoast-schema-graph\">{\"@context\":\"https:\/\/schema.org\",\"@graph\":[{\"@type\":\"WebPage\",\"@id\":\"https:\/\/www.studio-tomahawk.com\/forum\/\",\"url\":\"https:\/\/www.studio-tomahawk.com\/forum\/\",\"name\":\"Forum - Studio Tomahawk\",\"isPartOf\":{\"@id\":\"https:\/\/www.studio-tomahawk.com\/#website\"},\"datePublished\":\"2017-04-12T21:27:13+00:00\",\"dateModified\":\"2024-05-24T15:09:29+00:00\",\"description\":\"Partagez vos id\u00e9es, posez des questions et connectez-vous avec d'autres passionn\u00e9s sur notre forum de Studio Tomahawk !\",\"breadcrumb\":{\"@id\":\"https:\/\/www.studio-tomahawk.com\/forum\/#breadcrumb\"},\"inLanguage\":\"en-GB\",\"potentialAction\":[{\"@type\":\"ReadAction\",\"target\":[\"https:\/\/www.studio-tomahawk.com\/forum\/\"]}]},{\"@type\":\"BreadcrumbList\",\"@id\":\"https:\/\/www.studio-tomahawk.com\/forum\/#breadcrumb\",\"itemListElement\":[{\"@type\":\"ListItem\",\"position\":1,\"name\":\"Accueil\",\"item\":\"https:\/\/www.studio-tomahawk.com\/\"},{\"@type\":\"ListItem\",\"position\":2,\"name\":\"Forum\"}]},{\"@type\":\"WebSite\",\"@id\":\"https:\/\/www.studio-tomahawk.com\/#website\",\"url\":\"https:\/\/www.studio-tomahawk.com\/\",\"name\":\"Studio Tomahawk\",\"description\":\"Vous aimez jouer, nous aussi !\",\"publisher\":{\"@id\":\"https:\/\/www.studio-tomahawk.com\/#organization\"},\"potentialAction\":[{\"@type\":\"SearchAction\",\"target\":{\"@type\":\"EntryPoint\",\"urlTemplate\":\"https:\/\/www.studio-tomahawk.com\/?s={search_term_string}\"},\"query-input\":{\"@type\":\"PropertyValueSpecification\",\"valueRequired\":true,\"valueName\":\"search_term_string\"}}],\"inLanguage\":\"en-GB\"},{\"@type\":\"Organization\",\"@id\":\"https:\/\/www.studio-tomahawk.com\/#organization\",\"name\":\"Studio Tomahawk\",\"url\":\"https:\/\/www.studio-tomahawk.com\/\",\"logo\":{\"@type\":\"ImageObject\",\"inLanguage\":\"en-GB\",\"@id\":\"https:\/\/www.studio-tomahawk.com\/#\/schema\/logo\/image\/\",\"url\":\"https:\/\/www.studio-tomahawk.com\/wp-content\/uploads\/2017\/04\/cropped-logo-site.png\",\"contentUrl\":\"https:\/\/www.studio-tomahawk.com\/wp-content\/uploads\/2017\/04\/cropped-logo-site.png\",\"width\":512,\"height\":512,\"caption\":\"Studio Tomahawk\"},\"image\":{\"@id\":\"https:\/\/www.studio-tomahawk.com\/#\/schema\/logo\/image\/\"},\"sameAs\":[\"https:\/\/www.facebook.com\/studiotomahawk\"]}]}<\/script>\n<!-- \/ Yoast SEO plugin. -->","yoast_head_json":{"title":"Forum - Studio Tomahawk","description":"Partagez vos id\u00e9es, posez des questions et connectez-vous avec d'autres passionn\u00e9s sur notre forum de Studio Tomahawk !","robots":{"index":"index","follow":"follow","max-snippet":"max-snippet:-1","max-image-preview":"max-image-preview:large","max-video-preview":"max-video-preview:-1"},"canonical":"https:\/\/www.studio-tomahawk.com\/en\/forum\/","og_locale":"en_GB","og_type":"article","og_title":"Forum - Studio Tomahawk","og_description":"Partagez vos id\u00e9es, posez des questions et connectez-vous avec d'autres passionn\u00e9s sur notre forum de Studio Tomahawk !","og_url":"https:\/\/www.studio-tomahawk.com\/en\/forum\/","og_site_name":"Studio Tomahawk","article_publisher":"https:\/\/www.facebook.com\/studiotomahawk","article_modified_time":"2024-05-24T15:09:29+00:00","og_image":[{"width":1024,"height":1024,"url":"https:\/\/www.studio-tomahawk.com\/wp-content\/uploads\/2021\/10\/logo-Tomahawk-1024x1024-1.jpg","type":"image\/jpeg"}],"twitter_card":"summary_large_image","twitter_misc":{"Estimated reading time":"1 minute"},"schema":{"@context":"https:\/\/schema.org","@graph":[{"@type":"WebPage","@id":"https:\/\/www.studio-tomahawk.com\/forum\/","url":"https:\/\/www.studio-tomahawk.com\/forum\/","name":"Forum - Studio Tomahawk","isPartOf":{"@id":"https:\/\/www.studio-tomahawk.com\/#website"},"datePublished":"2017-04-12T21:27:13+00:00","dateModified":"2024-05-24T15:09:29+00:00","description":"Partagez vos id\u00e9es, posez des questions et connectez-vous avec d'autres passionn\u00e9s sur notre forum de Studio Tomahawk !","breadcrumb":{"@id":"https:\/\/www.studio-tomahawk.com\/forum\/#breadcrumb"},"inLanguage":"en-GB","potentialAction":[{"@type":"ReadAction","target":["https:\/\/www.studio-tomahawk.com\/forum\/"]}]},{"@type":"BreadcrumbList","@id":"https:\/\/www.studio-tomahawk.com\/forum\/#breadcrumb","itemListElement":[{"@type":"ListItem","position":1,"name":"Accueil","item":"https:\/\/www.studio-tomahawk.com\/"},{"@type":"ListItem","position":2,"name":"Forum"}]},{"@type":"WebSite","@id":"https:\/\/www.studio-tomahawk.com\/#website","url":"https:\/\/www.studio-tomahawk.com\/","name":"Studio Tomahawk","description":"Vous aimez jouer, nous aussi !","publisher":{"@id":"https:\/\/www.studio-tomahawk.com\/#organization"},"potentialAction":[{"@type":"SearchAction","target":{"@type":"EntryPoint","urlTemplate":"https:\/\/www.studio-tomahawk.com\/?s={search_term_string}"},"query-input":{"@type":"PropertyValueSpecification","valueRequired":true,"valueName":"search_term_string"}}],"inLanguage":"en-GB"},{"@type":"Organization","@id":"https:\/\/www.studio-tomahawk.com\/#organization","name":"Studio Tomahawk","url":"https:\/\/www.studio-tomahawk.com\/","logo":{"@type":"ImageObject","inLanguage":"en-GB","@id":"https:\/\/www.studio-tomahawk.com\/#\/schema\/logo\/image\/","url":"https:\/\/www.studio-tomahawk.com\/wp-content\/uploads\/2017\/04\/cropped-logo-site.png","contentUrl":"https:\/\/www.studio-tomahawk.com\/wp-content\/uploads\/2017\/04\/cropped-logo-site.png","width":512,"height":512,"caption":"Studio Tomahawk"},"image":{"@id":"https:\/\/www.studio-tomahawk.com\/#\/schema\/logo\/image\/"},"sameAs":["https:\/\/www.facebook.com\/studiotomahawk"]}]}},"_links":{"self":[{"href":"https:\/\/www.studio-tomahawk.com\/en\/wp-json\/wp\/v2\/pages\/57","targetHints":{"allow":["GET"]}}],"collection":[{"href":"https:\/\/www.studio-tomahawk.com\/en\/wp-json\/wp\/v2\/pages"}],"about":[{"href":"https:\/\/www.studio-tomahawk.com\/en\/wp-json\/wp\/v2\/types\/page"}],"author":[{"embeddable":true,"href":"https:\/\/www.studio-tomahawk.com\/en\/wp-json\/wp\/v2\/users\/1"}],"replies":[{"embeddable":true,"href":"https:\/\/www.studio-tomahawk.com\/en\/wp-json\/wp\/v2\/comments?post=57"}],"version-history":[{"count":0,"href":"https:\/\/www.studio-tomahawk.com\/en\/wp-json\/wp\/v2\/pages\/57\/revisions"}],"wp:attachment":[{"href":"https:\/\/www.studio-tomahawk.com\/en\/wp-json\/wp\/v2\/media?parent=57"}],"curies":[{"name":"wp","href":"https:\/\/api.w.org\/{rel}","templated":true}]}}